{"id":8442,"date":"2024-06-04T16:19:09","date_gmt":"2024-06-04T16:19:09","guid":{"rendered":"https:\/\/test.puntoconsultores.mx\/?page_id=8442"},"modified":"2024-06-14T16:54:54","modified_gmt":"2024-06-14T16:54:54","slug":"metodologia","status":"publish","type":"page","link":"http:\/\/www.puntoconsultores.mx\/index.php\/metodologia\/","title":{"rendered":"Metodolog\u00eda"},"content":{"rendered":"\t\t<div data-elementor-type=\"wp-page\" data-elementor-id=\"8442\" class=\"elementor elementor-8442\">\n\t\t\t\t        <section class=\"elementor-section elementor-top-section elementor-element elementor-element-e4f652f elementor-section-full_width elementor-section-stretched elementor-section-height-default elementor-section-height-default\" data-id=\"e4f652f\" data-element_type=\"section\" data-settings=\"{&quot;stretch_section&quot;:&quot;section-stretched&quot;}\">\n            \n                        <div class=\"elementor-container elementor-column-gap-default \">\n                    <div class=\"elementor-column elementor-col-100 elementor-top-column elementor-element elementor-element-20d727c\" data-id=\"20d727c\" data-element_type=\"column\">\n        <div class=\"elementor-widget-wrap elementor-element-populated\">\n                    \n        \t\t<div class=\"elementor-element elementor-element-8f99939 elementor-widget elementor-widget-image\" data-id=\"8f99939\" data-element_type=\"widget\" data-widget_type=\"image.default\">\n\t\t\t\t<div class=\"elementor-widget-container\">\n\t\t\t<style>\/*! elementor - v3.21.0 - 26-05-2024 *\/\n.elementor-widget-image{text-align:center}.elementor-widget-image a{display:inline-block}.elementor-widget-image a img[src$=\".svg\"]{width:48px}.elementor-widget-image img{vertical-align:middle;display:inline-block}<\/style>\t\t\t\t\t\t\t\t\t\t<img fetchpriority=\"high\" decoding=\"async\" width=\"1920\" height=\"574\" src=\"http:\/\/www.puntoconsultores.mx\/wp-content\/uploads\/2024\/06\/BANNERS-12.jpg\" class=\"attachment-full size-full wp-image-8508\" alt=\"\" srcset=\"http:\/\/www.puntoconsultores.mx\/wp-content\/uploads\/2024\/06\/BANNERS-12.jpg 1920w, http:\/\/www.puntoconsultores.mx\/wp-content\/uploads\/2024\/06\/BANNERS-12-300x90.jpg 300w, http:\/\/www.puntoconsultores.mx\/wp-content\/uploads\/2024\/06\/BANNERS-12-1024x306.jpg 1024w, http:\/\/www.puntoconsultores.mx\/wp-content\/uploads\/2024\/06\/BANNERS-12-768x230.jpg 768w, http:\/\/www.puntoconsultores.mx\/wp-content\/uploads\/2024\/06\/BANNERS-12-1536x459.jpg 1536w, http:\/\/www.puntoconsultores.mx\/wp-content\/uploads\/2024\/06\/BANNERS-12-600x179.jpg 600w\" sizes=\"(max-width: 1920px) 100vw, 1920px\" \/>\t\t\t\t\t\t\t\t\t\t\t\t\t<\/div>\n\t\t\t\t<\/div>\n\t\t            <\/div>\n        <\/div>\n                    <\/div>\n        <\/section>\n                <section class=\"elementor-section elementor-top-section elementor-element elementor-element-ea1ae27 elementor-section-boxed elementor-section-height-default elementor-section-height-default\" data-id=\"ea1ae27\" data-element_type=\"section\">\n            \n                        <div class=\"elementor-container elementor-column-gap-default \">\n                    <div class=\"elementor-column elementor-col-100 elementor-top-column elementor-element elementor-element-4652be3\" data-id=\"4652be3\" data-element_type=\"column\">\n        <div class=\"elementor-widget-wrap elementor-element-populated\">\n                    \n        \t\t<div class=\"elementor-element elementor-element-5726fa0 elementor-widget elementor-widget-spacer\" data-id=\"5726fa0\" data-element_type=\"widget\" data-widget_type=\"spacer.default\">\n\t\t\t\t<div class=\"elementor-widget-container\">\n\t\t\t<style>\/*! elementor - v3.21.0 - 26-05-2024 *\/\n.elementor-column .elementor-spacer-inner{height:var(--spacer-size)}.e-con{--container-widget-width:100%}.e-con-inner>.elementor-widget-spacer,.e-con>.elementor-widget-spacer{width:var(--container-widget-width,var(--spacer-size));--align-self:var(--container-widget-align-self,initial);--flex-shrink:0}.e-con-inner>.elementor-widget-spacer>.elementor-widget-container,.e-con>.elementor-widget-spacer>.elementor-widget-container{height:100%;width:100%}.e-con-inner>.elementor-widget-spacer>.elementor-widget-container>.elementor-spacer,.e-con>.elementor-widget-spacer>.elementor-widget-container>.elementor-spacer{height:100%}.e-con-inner>.elementor-widget-spacer>.elementor-widget-container>.elementor-spacer>.elementor-spacer-inner,.e-con>.elementor-widget-spacer>.elementor-widget-container>.elementor-spacer>.elementor-spacer-inner{height:var(--container-widget-height,var(--spacer-size))}.e-con-inner>.elementor-widget-spacer.elementor-widget-empty,.e-con>.elementor-widget-spacer.elementor-widget-empty{position:relative;min-height:22px;min-width:22px}.e-con-inner>.elementor-widget-spacer.elementor-widget-empty .elementor-widget-empty-icon,.e-con>.elementor-widget-spacer.elementor-widget-empty .elementor-widget-empty-icon{position:absolute;top:0;bottom:0;left:0;right:0;margin:auto;padding:0;width:22px;height:22px}<\/style>\t\t<div class=\"elementor-spacer\">\n\t\t\t<div class=\"elementor-spacer-inner\"><\/div>\n\t\t<\/div>\n\t\t\t\t<\/div>\n\t\t\t\t<\/div>\n\t\t            <\/div>\n        <\/div>\n                    <\/div>\n        <\/section>\n                <section class=\"elementor-section elementor-top-section elementor-element elementor-element-e78ce61 elementor-section-boxed elementor-section-height-default elementor-section-height-default\" data-id=\"e78ce61\" data-element_type=\"section\">\n            \n                        <div class=\"elementor-container elementor-column-gap-default \">\n                    <div class=\"elementor-column elementor-col-100 elementor-top-column elementor-element elementor-element-d512afd\" data-id=\"d512afd\" data-element_type=\"column\">\n        <div class=\"elementor-widget-wrap elementor-element-populated\">\n                    \n        \t\t<div class=\"elementor-element elementor-element-9feaab1 elementor-widget elementor-widget-text-editor\" data-id=\"9feaab1\" data-element_type=\"widget\" data-widget_type=\"text-editor.default\">\n\t\t\t\t<div class=\"elementor-widget-container\">\n\t\t\t<style>\/*! elementor - v3.21.0 - 26-05-2024 *\/\n.elementor-widget-text-editor.elementor-drop-cap-view-stacked .elementor-drop-cap{background-color:#69727d;color:#fff}.elementor-widget-text-editor.elementor-drop-cap-view-framed .elementor-drop-cap{color:#69727d;border:3px solid;background-color:transparent}.elementor-widget-text-editor:not(.elementor-drop-cap-view-default) .elementor-drop-cap{margin-top:8px}.elementor-widget-text-editor:not(.elementor-drop-cap-view-default) .elementor-drop-cap-letter{width:1em;height:1em}.elementor-widget-text-editor .elementor-drop-cap{float:left;text-align:center;line-height:1;font-size:50px}.elementor-widget-text-editor .elementor-drop-cap-letter{display:inline-block}<\/style>\t\t\t\t<p>Nuestra metodolog\u00eda est\u00e1 basada en un modelo h\u00edbrido, lo que nos permite crear un marco adaptado a las necesidades espec\u00edficas de cada organizaci\u00f3n o proyecto, e identificar cu\u00e1ndo y c\u00f3mo aplicar las caracter\u00edsticas de cada enfoque de manera efectiva.<\/p>\t\t\t\t\t\t<\/div>\n\t\t\t\t<\/div>\n\t\t            <\/div>\n        <\/div>\n                    <\/div>\n        <\/section>\n                <section class=\"elementor-section elementor-top-section elementor-element elementor-element-b783a4c elementor-section-boxed elementor-section-height-default elementor-section-height-default\" data-id=\"b783a4c\" data-element_type=\"section\" data-settings=\"{&quot;background_background&quot;:&quot;classic&quot;}\">\n            \n                        <div class=\"elementor-container elementor-column-gap-default \">\n                    <div class=\"elementor-column elementor-col-100 elementor-top-column elementor-element elementor-element-2eb28df\" data-id=\"2eb28df\" data-element_type=\"column\">\n        <div class=\"elementor-widget-wrap elementor-element-populated\">\n                    \n        \t\t<div class=\"elementor-element elementor-element-635e35a elementor-widget elementor-widget-image\" data-id=\"635e35a\" data-element_type=\"widget\" data-widget_type=\"image.default\">\n\t\t\t\t<div class=\"elementor-widget-container\">\n\t\t\t\t\t\t\t\t\t\t\t\t\t<img decoding=\"async\" width=\"1733\" height=\"1116\" src=\"http:\/\/www.puntoconsultores.mx\/wp-content\/uploads\/2024\/06\/METODOLOGIA-39-2.png\" class=\"attachment-full size-full wp-image-8701\" alt=\"\" srcset=\"http:\/\/www.puntoconsultores.mx\/wp-content\/uploads\/2024\/06\/METODOLOGIA-39-2.png 1733w, http:\/\/www.puntoconsultores.mx\/wp-content\/uploads\/2024\/06\/METODOLOGIA-39-2-300x193.png 300w, http:\/\/www.puntoconsultores.mx\/wp-content\/uploads\/2024\/06\/METODOLOGIA-39-2-1024x659.png 1024w, http:\/\/www.puntoconsultores.mx\/wp-content\/uploads\/2024\/06\/METODOLOGIA-39-2-768x495.png 768w, http:\/\/www.puntoconsultores.mx\/wp-content\/uploads\/2024\/06\/METODOLOGIA-39-2-1536x989.png 1536w, http:\/\/www.puntoconsultores.mx\/wp-content\/uploads\/2024\/06\/METODOLOGIA-39-2-600x386.png 600w\" sizes=\"(max-width: 1733px) 100vw, 1733px\" \/>\t\t\t\t\t\t\t\t\t\t\t\t\t<\/div>\n\t\t\t\t<\/div>\n\t\t            <\/div>\n        <\/div>\n                    <\/div>\n        <\/section>\n                <section class=\"elementor-section elementor-top-section elementor-element elementor-element-a062592 elementor-section-boxed elementor-section-height-default elementor-section-height-default\" data-id=\"a062592\" data-element_type=\"section\">\n            \n                        <div class=\"elementor-container elementor-column-gap-default \">\n                    <div class=\"elementor-column elementor-col-100 elementor-top-column elementor-element elementor-element-fa85c0f\" data-id=\"fa85c0f\" data-element_type=\"column\">\n        <div class=\"elementor-widget-wrap elementor-element-populated\">\n                    \n        \t\t<div class=\"elementor-element elementor-element-7600fc5 elementor-widget elementor-widget-spacer\" data-id=\"7600fc5\" data-element_type=\"widget\" data-widget_type=\"spacer.default\">\n\t\t\t\t<div class=\"elementor-widget-container\">\n\t\t\t\t\t<div class=\"elementor-spacer\">\n\t\t\t<div class=\"elementor-spacer-inner\"><\/div>\n\t\t<\/div>\n\t\t\t\t<\/div>\n\t\t\t\t<\/div>\n\t\t            <\/div>\n        <\/div>\n                    <\/div>\n        <\/section>\n        \t\t<\/div>\n\t\t","protected":false},"excerpt":{"rendered":"<p>Nuestra metodolog\u00eda est\u00e1 basada en un modelo h\u00edbrido, lo que nos permite crear un marco adaptado a las necesidades espec\u00edficas [&hellip;]<\/p>\n","protected":false},"author":2,"featured_media":0,"parent":0,"menu_order":0,"comment_status":"closed","ping_status":"closed","template":"","meta":{"site-sidebar-layout":"no-sidebar","site-content-layout":"","ast-site-content-layout":"full-width-container","site-content-style":"default","site-sidebar-style":"default","ast-global-header-display":"","ast-banner-title-visibility":"","ast-main-header-display":"","ast-hfb-above-header-display":"","ast-hfb-below-header-display":"","ast-hfb-mobile-header-display":"","site-post-title":"disabled","ast-breadcrumbs-content":"","ast-featured-img":"disabled","footer-sml-layout":"","theme-transparent-header-meta":"","adv-header-id-meta":"","stick-header-meta":"","header-above-stick-meta":"","header-main-stick-meta":"","header-below-stick-meta":"","astra-migrate-meta-layouts":"default","ast-page-background-enabled":"default","ast-page-background-meta":{"desktop":{"background-color":"var(--ast-global-color-4)","background-image":"","background-repeat":"repeat","background-position":"center center","background-size":"auto","background-attachment":"scroll","background-type":"","background-media":"","overlay-type":"","overlay-color":"","overlay-opacity":"","overlay-gradient":""},"tablet":{"background-color":"","background-image":"","background-repeat":"repeat","background-position":"center center","background-size":"auto","background-attachment":"scroll","background-type":"","background-media":"","overlay-type":"","overlay-color":"","overlay-opacity":"","overlay-gradient":""},"mobile":{"background-color":"","background-image":"","background-repeat":"repeat","background-position":"center center","background-size":"auto","background-attachment":"scroll","background-type":"","background-media":"","overlay-type":"","overlay-color":"","overlay-opacity":"","overlay-gradient":""}},"ast-content-background-meta":{"desktop":{"background-color":"var(--ast-global-color-5)","background-image":"","background-repeat":"repeat","background-position":"center center","background-size":"auto","background-attachment":"scroll","background-type":"","background-media":"","overlay-type":"","overlay-color":"","overlay-opacity":"","overlay-gradient":""},"tablet":{"background-color":"var(--ast-global-color-5)","background-image":"","background-repeat":"repeat","background-position":"center center","background-size":"auto","background-attachment":"scroll","background-type":"","background-media":"","overlay-type":"","overlay-color":"","overlay-opacity":"","overlay-gradient":""},"mobile":{"background-color":"var(--ast-global-color-5)","background-image":"","background-repeat":"repeat","background-position":"center center","background-size":"auto","background-attachment":"scroll","background-type":"","background-media":"","overlay-type":"","overlay-color":"","overlay-opacity":"","overlay-gradient":""}},"footnotes":""},"class_list":["post-8442","page","type-page","status-publish","hentry"],"_links":{"self":[{"href":"http:\/\/www.puntoconsultores.mx\/index.php\/wp-json\/wp\/v2\/pages\/8442","targetHints":{"allow":["GET"]}}],"collection":[{"href":"http:\/\/www.puntoconsultores.mx\/index.php\/wp-json\/wp\/v2\/pages"}],"about":[{"href":"http:\/\/www.puntoconsultores.mx\/index.php\/wp-json\/wp\/v2\/types\/page"}],"author":[{"embeddable":true,"href":"http:\/\/www.puntoconsultores.mx\/index.php\/wp-json\/wp\/v2\/users\/2"}],"replies":[{"embeddable":true,"href":"http:\/\/www.puntoconsultores.mx\/index.php\/wp-json\/wp\/v2\/comments?post=8442"}],"version-history":[{"count":61,"href":"http:\/\/www.puntoconsultores.mx\/index.php\/wp-json\/wp\/v2\/pages\/8442\/revisions"}],"predecessor-version":[{"id":8723,"href":"http:\/\/www.puntoconsultores.mx\/index.php\/wp-json\/wp\/v2\/pages\/8442\/revisions\/8723"}],"wp:attachment":[{"href":"http:\/\/www.puntoconsultores.mx\/index.php\/wp-json\/wp\/v2\/media?parent=8442"}],"curies":[{"name":"wp","href":"https:\/\/api.w.org\/{rel}","templated":true}]}}